{"id":50,"date":"2014-09-10T11:54:34","date_gmt":"2014-09-10T09:54:34","guid":{"rendered":"http:\/\/semanadelainnovacion.umh.es\/?page_id=50"},"modified":"2025-02-25T12:22:49","modified_gmt":"2025-02-25T11:22:49","slug":"contacto","status":"publish","type":"page","link":"https:\/\/semanadelainnovacion.umh.es\/en\/contacto\/","title":{"rendered":"<span lang=\"es\">(Espa\u00f1ol) Contacto<\/span>"},"content":{"rendered":"<p><\/p>\n<p style=\"text-align: justify\"><span style=\"color: #000000\"><img loading=\"lazy\" class=\"size-medium wp-image-82 alignright\" alt=\"Pie de Correo\" src=\"https:\/\/semanadelainnovacion.umh.es\/files\/2014\/09\/Pie-de-Correo-300x161.png\" width=\"300\" height=\"161\" srcset=\"https:\/\/semanadelainnovacion.umh.es\/files\/2014\/09\/Pie-de-Correo-300x161.png 300w, https:\/\/semanadelainnovacion.umh.es\/files\/2014\/09\/Pie-de-Correo.png 594w\" sizes=\"(max-width: 300px) 100vw, 300px\" \/>Si necesitas cualquier tipo de aclaraci\u00f3n a buscas asesoramiento a la hora de plantear propuestas en\u00a0 el <b>I Premio \u201c<i>Semana de la innovaci\u00f3n en la Gesti\u00f3n Universitaria UMH<\/i>\u201d<\/b> no dudes en contactar con nosotros.<\/span><\/p>\n<p style=\"text-align: justify\"><span style=\"color: #000000\">Aparte de toda la informaci\u00f3n de apoyo que tenemos disponible en esta p\u00e1gina web<\/span> (<a href=\"https:\/\/semanadelainnovacion.umh.es\/documentacion-de-interes\/\" target=\"_blank\" rel=\"noopener noreferrer\">manuales para descargar<\/a>, <a href=\"https:\/\/semanadelainnovacion.umh.es\/enlaces\/\" target=\"_blank\" rel=\"noopener noreferrer\">infograf\u00edas<\/a>,..,etc) <span style=\"color: #000000\">podemos ayudarte en cualquier detalle que necesites, ya sea a nivel administrativo o en la b\u00fasqueda de informaci\u00f3n complementaria para poder presentar tu proyecto y sobre todo&#8230;.<span style=\"color: #000080\"><em><strong>convertirlo en un proyecto ganador.<\/strong><\/em><\/span><\/span><\/p>\n<p><span style=\"color: #000000\">Te podemos atender enviado tu consulta al correo<\/span> <a href=\"mailto:semanadelainnovacion@umh.es\">semanadelainnovacion@umh.es<\/a> <span style=\"color: #000000\">o a trav\u00e9s de la extensi\u00f3n <strong>2115<\/strong>.<\/span><\/p>\n<blockquote>\n<p style=\"text-align: center\"><em><strong><span style=\"color: #000080\">No lo dudes\u2026..y an\u00edmate\u00a1\u00a1\u00a1\u00a1\u00a1<\/span><\/strong><\/em><\/p>\n<\/blockquote>\n<p><\/p>","protected":false},"excerpt":{"rendered":"<p>Si necesitas cualquier tipo de aclaraci\u00f3n a buscas asesoramiento a la hora de plantear propuestas en\u00a0 el I Premio \u201cSemana de la innovaci\u00f3n en la Gesti\u00f3n Universitaria UMH\u201d no dudes en contactar con nosotros.<br \/>\nAparte de toda la informaci\u00f3n de apoyo que tenemos disponible en esta p\u00e1gina web (manuales para descargar, infograf\u00edas,..,etc) podemos ayudarte en cualquier [&#8230;]<\/p>\n","protected":false},"author":168,"featured_media":0,"parent":0,"menu_order":99,"comment_status":"closed","ping_status":"closed","template":"","meta":{"ngg_post_thumbnail":0,"_links_to":"","_links_to_target":""},"_links":{"self":[{"href":"https:\/\/semanadelainnovacion.umh.es\/en\/wp-json\/wp\/v2\/pages\/50"}],"collection":[{"href":"https:\/\/semanadelainnovacion.umh.es\/en\/wp-json\/wp\/v2\/pages"}],"about":[{"href":"https:\/\/semanadelainnovacion.umh.es\/en\/wp-json\/wp\/v2\/types\/page"}],"author":[{"embeddable":true,"href":"https:\/\/semanadelainnovacion.umh.es\/en\/wp-json\/wp\/v2\/users\/168"}],"replies":[{"embeddable":true,"href":"https:\/\/semanadelainnovacion.umh.es\/en\/wp-json\/wp\/v2\/comments?post=50"}],"version-history":[{"count":0,"href":"https:\/\/semanadelainnovacion.umh.es\/en\/wp-json\/wp\/v2\/pages\/50\/revisions"}],"wp:attachment":[{"href":"https:\/\/semanadelainnovacion.umh.es\/en\/wp-json\/wp\/v2\/media?parent=50"}],"curies":[{"name":"wp","href":"https:\/\/api.w.org\/{rel}","templated":true}]}}