{"id":20,"date":"2014-09-10T07:08:37","date_gmt":"2014-09-10T05:08:37","guid":{"rendered":"http:\/\/semanadelainnovacion.umh.es\/?page_id=20"},"modified":"2021-11-18T13:58:11","modified_gmt":"2021-11-18T12:58:11","slug":"zona-multimedia","status":"publish","type":"page","link":"https:\/\/semanadelainnovacion.umh.es\/en\/enlaces\/zona-multimedia\/","title":{"rendered":"<span lang=\"es\">(Espa\u00f1ol) Multimedia<\/span>"},"content":{"rendered":"<p><b>\u00bfQu\u00e9 es la innovaci\u00f3n?<\/b> .- Estupendo video sobre &#8220;\u00bfqu\u00e9 es la innovaci\u00f3n?&#8221; de la catedral de la innovaci\u00f3n, Ayto de Madrid<\/p>\n<p style=\"text-align: center\"><iframe  style=\"display: block; margin: 0px auto;\"  id=\"_ytid_53360\"  width=\"480\" height=\"270\"  data-origwidth=\"480\" data-origheight=\"270\" src=\"https:\/\/www.youtube.com\/embed\/GLRgWcNymcI?enablejsapi=1&autoplay=0&cc_load_policy=0&cc_lang_pref=&iv_load_policy=1&loop=0&modestbranding=0&rel=1&fs=1&playsinline=0&autohide=2&theme=dark&color=red&controls=1&\" class=\"__youtube_prefs__  no-lazyload\" title=\"YouTube player\"  allow=\"accelerometer; autoplay; clipboard-write; encrypted-media; gyroscope; picture-in-picture\" allowfullscreen data-no-lazy=\"1\" data-skipgform_ajax_framebjll=\"\"><\/iframe>\u00a0<\/p>\n<p><strong>\u00bfTe atreves a so\u00f1ar?<\/strong> Desde peque\u00f1os todos sabemos so\u00f1ar. Dormidos y despiertos. Gracias a la potencia de nuestra imaginaci\u00f3n creemos que somos capaces de cualquier cosa. Sin embargo, seg\u00fan crecemos perdemos esta maravillosa capacidad que luego tanta falta nos hace en la vida a la hora de ser creativos, de innovar, de cambiar nuestras vidas y de transformar nuestras empresas. Te invitamos a que te atrevas a so\u00f1ar otra vez, a desafiar tu zona de confort, y a que disfrutes del placer de convertir tus sue\u00f1os en realidad. \u00bfTe atreves a so\u00f1ar?.<\/p>\n<p style=\"text-align: center\"><iframe  style=\"display: block; margin: 0px auto;\"  id=\"_ytid_47509\"  width=\"480\" height=\"270\"  data-origwidth=\"480\" data-origheight=\"270\" src=\"https:\/\/www.youtube.com\/embed\/i07qz_6Mk7g?enablejsapi=1&autoplay=0&cc_load_policy=0&cc_lang_pref=&iv_load_policy=1&loop=0&modestbranding=0&rel=1&fs=1&playsinline=0&autohide=2&theme=dark&color=red&controls=1&\" class=\"__youtube_prefs__  no-lazyload\" title=\"YouTube player\"  allow=\"accelerometer; autoplay; clipboard-write; encrypted-media; gyroscope; picture-in-picture\" allowfullscreen data-no-lazy=\"1\" data-skipgform_ajax_framebjll=\"\"><\/iframe><\/p>\n<p><strong>Acelerar la innovaci\u00f3n en desarrollo de productos y servicios.-<\/strong>\u00a0\u00a0Para triunfar en un mundo tan competitivo como el actual, las empresas deben desmarcarse mediante la innovaci\u00f3n en productos y servicios inteligentes. El camino para lograrlo est\u00e1 en el fomento de un dise\u00f1o colaborativo que integre a personas, herramientas y procesos durante todo su ciclo de vida. Lo mejor es que hoy en d\u00eda, la innovaci\u00f3n no conoce l\u00edmites ni tampoco necesita largos tiempos de desarrollo.<\/p>\n<p style=\"text-align: center\"><iframe  style=\"display: block; margin: 0px auto;\"  id=\"_ytid_77330\"  width=\"480\" height=\"270\"  data-origwidth=\"480\" data-origheight=\"270\" src=\"https:\/\/www.youtube.com\/embed\/s-3lx5sQmW4?enablejsapi=1&autoplay=0&cc_load_policy=0&cc_lang_pref=&iv_load_policy=1&loop=0&modestbranding=0&rel=1&fs=1&playsinline=0&autohide=2&theme=dark&color=red&controls=1&\" class=\"__youtube_prefs__  no-lazyload\" title=\"YouTube player\"  allow=\"accelerometer; autoplay; clipboard-write; encrypted-media; gyroscope; picture-in-picture\" allowfullscreen data-no-lazy=\"1\" data-skipgform_ajax_framebjll=\"\"><\/iframe><\/p>\n<p style=\"text-align: justify\"><strong>La necesidad de innovaci\u00f3n \u00bfPor qu\u00e9 es importante innovar para las empresas y las personas?.-\u00a0<\/strong>La importancia de la innovaci\u00f3n en las empresas. Innovar es fundamental hoy en d\u00eda para mantenerse en el mercado. Para diferenciarse y localizar un nicho de mercado, para lograr una microsegmentaci\u00f3n adecuada.<br \/>\nPero innovar tambi\u00e9n es fundamental para las personas. Muchas veces nosotros mismos limitamos nuestras posibilidades de \u00e9xito por no abrir nuestra mente a nuevas posibilidades. La historia que narra este v\u00eddeo es una buen ejemplo de ello.<\/p>\n<p style=\"text-align: center\"><iframe  style=\"display: block; margin: 0px auto;\"  id=\"_ytid_41298\"  width=\"480\" height=\"360\"  data-origwidth=\"480\" data-origheight=\"360\" src=\"https:\/\/www.youtube.com\/embed\/piuAsftCoQo?enablejsapi=1&autoplay=0&cc_load_policy=0&cc_lang_pref=&iv_load_policy=1&loop=0&modestbranding=0&rel=1&fs=1&playsinline=0&autohide=2&theme=dark&color=red&controls=1&\" class=\"__youtube_prefs__  no-lazyload\" title=\"YouTube player\"  allow=\"accelerometer; autoplay; clipboard-write; encrypted-media; gyroscope; picture-in-picture\" allowfullscreen data-no-lazy=\"1\" data-skipgform_ajax_framebjll=\"\"><\/iframe><\/p>\n<p style=\"text-align: justify\">\u00a0<\/p>\n<p><\/p>","protected":false},"excerpt":{"rendered":"<p>\u00bfQu\u00e9 es la innovaci\u00f3n? .- Estupendo video sobre &#8220;\u00bfqu\u00e9 es la innovaci\u00f3n?&#8221; de la catedral de la innovaci\u00f3n, Ayto de Madrid<br \/>\n\u00a0<br \/>\n\u00bfTe atreves a so\u00f1ar? Desde peque\u00f1os todos sabemos so\u00f1ar. Dormidos y despiertos. Gracias a la potencia de nuestra imaginaci\u00f3n creemos que somos capaces de cualquier cosa. Sin embargo, seg\u00fan crecemos perdemos esta maravillosa capacidad que [&#8230;]<\/p>\n","protected":false},"author":168,"featured_media":0,"parent":19,"menu_order":10,"comment_status":"closed","ping_status":"closed","template":"","meta":{"ngg_post_thumbnail":0,"_links_to":"","_links_to_target":""},"_links":{"self":[{"href":"https:\/\/semanadelainnovacion.umh.es\/en\/wp-json\/wp\/v2\/pages\/20"}],"collection":[{"href":"https:\/\/semanadelainnovacion.umh.es\/en\/wp-json\/wp\/v2\/pages"}],"about":[{"href":"https:\/\/semanadelainnovacion.umh.es\/en\/wp-json\/wp\/v2\/types\/page"}],"author":[{"embeddable":true,"href":"https:\/\/semanadelainnovacion.umh.es\/en\/wp-json\/wp\/v2\/users\/168"}],"replies":[{"embeddable":true,"href":"https:\/\/semanadelainnovacion.umh.es\/en\/wp-json\/wp\/v2\/comments?post=20"}],"version-history":[{"count":0,"href":"https:\/\/semanadelainnovacion.umh.es\/en\/wp-json\/wp\/v2\/pages\/20\/revisions"}],"up":[{"embeddable":true,"href":"https:\/\/semanadelainnovacion.umh.es\/en\/wp-json\/wp\/v2\/pages\/19"}],"wp:attachment":[{"href":"https:\/\/semanadelainnovacion.umh.es\/en\/wp-json\/wp\/v2\/media?parent=20"}],"curies":[{"name":"wp","href":"https:\/\/api.w.org\/{rel}","templated":true}]}}